{"id":1338,"date":"2025-05-15T13:57:11","date_gmt":"2025-05-15T11:57:11","guid":{"rendered":"https:\/\/www.ewalstrucking.cz\/?page_id=1338"},"modified":"2025-12-16T13:04:59","modified_gmt":"2025-12-16T12:04:59","slug":"kariera","status":"publish","type":"page","link":"https:\/\/www.ewalstrucking.cz\/en\/kariera\/","title":{"rendered":"Career"},"content":{"rendered":"<div class=\"banner has-hover bg-zoom bg-glow\" id=\"banner-1272912088\">\n          <div class=\"banner-inner fill\">\n        <div class=\"banner-bg fill\" >\n            <img loading=\"lazy\" decoding=\"async\" width=\"1200\" height=\"400\" src=\"https:\/\/www.ewalstrucking.cz\/wp-content\/uploads\/2024\/04\/uvodka9.jpg\" class=\"bg attachment-original size-original\" alt=\"\" \/>                        <div class=\"overlay\"><\/div>            \n                    <\/div>\n\t\t\n        <div class=\"banner-layers container\">\n            <div class=\"fill banner-link\"><\/div>            \n   <div id=\"text-box-1271186606\" class=\"text-box banner-layer hidden x50 md-x50 lg-x50 y20 md-y20 lg-y20 res-text\">\n                     <div data-animate=\"none\">           <div class=\"text-box-content text \">\n              \n              <div class=\"text-inner text-center\">\n                  \n\n\t<div class=\"img has-hover hidden x md-x lg-x y md-y lg-y\" id=\"image_2014591686\">\n\t\t\t\t\t\t\t\t<div class=\"img-inner image-cover dark\" style=\"padding-top:30%;\">\n\t\t\t<img loading=\"lazy\" decoding=\"async\" width=\"800\" height=\"600\" src=\"https:\/\/www.ewalstrucking.cz\/wp-content\/uploads\/2020\/10\/trucking.png\" class=\"attachment-large size-large\" alt=\"\" srcset=\"https:\/\/www.ewalstrucking.cz\/wp-content\/uploads\/2020\/10\/trucking.png 800w, https:\/\/www.ewalstrucking.cz\/wp-content\/uploads\/2020\/10\/trucking-600x450.png 600w, https:\/\/www.ewalstrucking.cz\/wp-content\/uploads\/2020\/10\/trucking-533x400.png 533w, https:\/\/www.ewalstrucking.cz\/wp-content\/uploads\/2020\/10\/trucking-768x576.png 768w\" sizes=\"auto, (max-width: 800px) 100vw, 800px\" \/>\t\t\t\t\t\t\n\t\t\t\t\t<\/div>\n\t\t\t\t\t\t\t\t\n<style>\n#image_2014591686 {\n  width: 81%;\n}\n<\/style>\n\t<\/div>\n\t\n<p>pron\u00e1jem taha\u010d\u016f a n\u00e1v\u011bs\u016f pro vnitrost\u00e1tn\u00ed a mezin\u00e1rodn\u00ed p\u0159epravu, prodej ojet\u00fdch taha\u010d\u016f a n\u00e1v\u011bs\u016f a prodej n\u00e1kladn\u00edch pneumatik<\/p>\n\t<div id=\"gap-37065370\" class=\"gap-element clearfix\" style=\"display:block; height:auto;\">\n\t\t\n<style>\n#gap-37065370 {\n  padding-top: 30px;\n}\n<\/style>\n\t<\/div>\n\t\n<div class=\"searchform-wrapper ux-search-box relative hidden is-large\"><form method=\"get\" class=\"searchform\" action=\"https:\/\/www.ewalstrucking.cz\/en\/\" role=\"search\">\n\t\t<div class=\"flex-row relative\">\n\t\t\t<div class=\"flex-col flex-grow\">\n\t   \t   <input type=\"search\" class=\"search-field mb-0\" name=\"s\" value=\"\" id=\"s\" placeholder=\"Search&hellip;\" \/>\n\t\t\t<\/div>\n\t\t\t<div class=\"flex-col\">\n\t\t\t\t<button type=\"submit\" class=\"ux-search-submit submit-button secondary button icon mb-0\" aria-label=\"Submit\">\n\t\t\t\t\t<i class=\"icon-search\" ><\/i>\t\t\t\t<\/button>\n\t\t\t<\/div>\n\t\t<\/div>\n    <div class=\"live-search-results text-left z-top\"><\/div>\n<\/form>\n<\/div>\n              <\/div>\n           <\/div>\n       <\/div>                     \n<style>\n#text-box-1271186606 {\n  margin: 0 0px 0px 0px;\n  width: 85%;\n}\n#text-box-1271186606 .text-box-content {\n  background-color: rgba(255, 255, 255, 0.69);\n  border-radius: 9px;\n  font-size: 100%;\n}\n#text-box-1271186606 .text-inner {\n  padding: 15px 20px 20px 20px;\n}\n@media (min-width:550px) {\n  #text-box-1271186606 {\n    width: 75%;\n  }\n}\n<\/style>\n    <\/div>\n \n        <\/div>\n      <\/div>\n\n              <div class=\"height-fix is-invisible\"><img loading=\"lazy\" decoding=\"async\" width=\"1200\" height=\"400\" src=\"https:\/\/www.ewalstrucking.cz\/wp-content\/uploads\/2024\/04\/uvodka9.jpg\" class=\"attachment-original size-original\" alt=\"\" srcset=\"https:\/\/www.ewalstrucking.cz\/wp-content\/uploads\/2024\/04\/uvodka9.jpg 1200w, https:\/\/www.ewalstrucking.cz\/wp-content\/uploads\/2024\/04\/uvodka9-800x267.jpg 800w, https:\/\/www.ewalstrucking.cz\/wp-content\/uploads\/2024\/04\/uvodka9-768x256.jpg 768w, https:\/\/www.ewalstrucking.cz\/wp-content\/uploads\/2024\/04\/uvodka9-600x200.jpg 600w\" sizes=\"auto, (max-width: 1200px) 100vw, 1200px\" \/><\/div>\n            \n<style>\n#banner-1272912088 .overlay {\n  background-color: rgba(0, 0, 0, 0.09);\n}\n#banner-1272912088 .banner-bg img {\n  object-position: 36% 54%;\n}\n<\/style>\n  <\/div>\n\n\n\n\t<section class=\"section\" id=\"section_1694114656\">\n\t\t<div class=\"section-bg fill\" >\n\t\t\t\t\t\t\t\t\t\n\t\t\t\n\n\t\t<\/div>\n\n\t\t\n\n\t\t<div class=\"section-content relative\">\n\t\t\t\n<div class=\"container section-title-container\" ><h2 class=\"section-title section-title-center\"><b><\/b><span class=\"section-title-main\" style=\"color:rgb(0, 102, 204);\">ARE YOU LOOKING FOR A JOB IN THE TRANSPORT INDUSTRY WITH THE SECURITY AND BACKGROUND OF A STRONG INTERNATIONAL COMPANY?<\/span><b><\/b><\/h2><\/div>\n<div class=\"row\"  id=\"row-278700098\">\n\n\t<div id=\"col-107700095\" class=\"col small-12 large-12\"  >\n\t\t\t\t<div class=\"col-inner\"  >\n\t\t\t\n\t\t\t\n<p><strong>Ewals Cargo Care Trucking spol. s r.o.<\/strong> is a dynamically developing company with a long tradition in international transport. We offer stable employment with modern vehicles and adequate salaries.<\/p>\n\t\t<\/div>\n\t\t\t\t\t<\/div>\n\n\t\n<\/div>\n<div class=\"row\"  id=\"row-1184511899\">\n\n\t<div id=\"col-1571370345\" class=\"col small-12 large-12\"  >\n\t\t\t\t<div class=\"col-inner\"  >\n\t\t\t\n\t\t\t\n<div class=\"row\"  id=\"row-1772232677\">\n\n\t<div id=\"col-1318473563\" class=\"col medium-1 small-12 large-1\"  >\n\t\t\t\t<div class=\"col-inner\"  >\n\t\t\t\n\t\t\t\n\t\t<\/div>\n\t\t\t\t\t<\/div>\n\n\t\n\n\t<div id=\"col-582101551\" class=\"col medium-5 small-12 large-5\"  >\n\t\t\t\t<div class=\"col-inner\"  >\n\t\t\t\n\t\t\t\n<h3><strong>What can we offer you?<\/strong><\/h3>\n<ul>\n<li>Background of a strong international transport company<\/li>\n<li>a permanent contract of employment<\/li>\n<li>payment on time every month<\/li>\n<li>a modern fleet of vehicles with regular servicing<\/li>\n<li>24\/7 dispatching, connection via online application<\/li>\n<li>compliance with EC Regulation 561\/2006<\/li>\n<li>training in economic and defensive driving<\/li>\n<li>contribution to life insurance or pension savings<\/li>\n<li>company clothing<\/li>\n<li>fair treatment and personal approach<\/li>\n<\/ul>\n\t\t<\/div>\n\t\t\t\t\t<\/div>\n\n\t\n\n\t<div id=\"col-1288695418\" class=\"col medium-6 small-12 large-6\"  >\n\t\t\t\t<div class=\"col-inner\"  >\n\t\t\t\n\t\t\t\n\t<div class=\"img has-hover x md-x lg-x y md-y lg-y\" id=\"image_1060552408\">\n\t\t\t\t\t\t\t\t<div class=\"img-inner image-zoom image-glow dark\" >\n\t\t\t<img loading=\"lazy\" decoding=\"async\" width=\"1200\" height=\"800\" src=\"https:\/\/www.ewalstrucking.cz\/wp-content\/uploads\/2024\/04\/kam4.jpg\" class=\"attachment-original size-original\" alt=\"\" srcset=\"https:\/\/www.ewalstrucking.cz\/wp-content\/uploads\/2024\/04\/kam4.jpg 1200w, https:\/\/www.ewalstrucking.cz\/wp-content\/uploads\/2024\/04\/kam4-600x400.jpg 600w, https:\/\/www.ewalstrucking.cz\/wp-content\/uploads\/2024\/04\/kam4-768x512.jpg 768w\" sizes=\"auto, (max-width: 1200px) 100vw, 1200px\" \/>\t\t\t\t\t\t\n\t\t\t\t\t<\/div>\n\t\t\t\t\t\t\t\t\n<style>\n#image_1060552408 {\n  width: 100%;\n}\n<\/style>\n\t<\/div>\n\t\n\t\t<\/div>\n\t\t\t\t\t<\/div>\n\n\t\n<\/div>\n<div class=\"container section-title-container hidden\" ><h3 class=\"section-title section-title-center\"><b><\/b><span class=\"section-title-main\" style=\"font-size:151%;color:rgb(0, 102, 204);\">Project International driver with earnings of up to CZK 57,000<\/span><b><\/b><\/h3><\/div>\n\n<div class=\"container section-title-container hidden\" ><h3 class=\"section-title section-title-center\"><b><\/b><span class=\"section-title-main\" style=\"font-size:151%;color:rgb(0, 102, 204);\">INTERNATIONAL TRUCK DRIVER \u2013 RELIEF DRIVER<\/span><b><\/b><\/h3><\/div>\n\n\t\t<\/div>\n\t\t\t\t\t<\/div>\n\n\t\n<\/div>\n\t\t<\/div>\n\n\t\t\n<style>\n#section_1694114656 {\n  padding-top: 30px;\n  padding-bottom: 30px;\n}\n<\/style>\n\t<\/section>\n\t\n\n\n<\/p>","protected":false},"excerpt":{"rendered":"","protected":false},"author":4,"featured_media":10,"parent":0,"menu_order":4,"comment_status":"closed","ping_status":"closed","template":"page-blank.php","meta":{"footnotes":""},"class_list":["post-1338","page","type-page","status-publish","has-post-thumbnail","hentry"],"_links":{"self":[{"href":"https:\/\/www.ewalstrucking.cz\/en\/wp-json\/wp\/v2\/pages\/1338","targetHints":{"allow":["GET"]}}],"collection":[{"href":"https:\/\/www.ewalstrucking.cz\/en\/wp-json\/wp\/v2\/pages"}],"about":[{"href":"https:\/\/www.ewalstrucking.cz\/en\/wp-json\/wp\/v2\/types\/page"}],"author":[{"embeddable":true,"href":"https:\/\/www.ewalstrucking.cz\/en\/wp-json\/wp\/v2\/users\/4"}],"replies":[{"embeddable":true,"href":"https:\/\/www.ewalstrucking.cz\/en\/wp-json\/wp\/v2\/comments?post=1338"}],"version-history":[{"count":71,"href":"https:\/\/www.ewalstrucking.cz\/en\/wp-json\/wp\/v2\/pages\/1338\/revisions"}],"predecessor-version":[{"id":1614,"href":"https:\/\/www.ewalstrucking.cz\/en\/wp-json\/wp\/v2\/pages\/1338\/revisions\/1614"}],"wp:featuredmedia":[{"embeddable":true,"href":"https:\/\/www.ewalstrucking.cz\/en\/wp-json\/wp\/v2\/media\/10"}],"wp:attachment":[{"href":"https:\/\/www.ewalstrucking.cz\/en\/wp-json\/wp\/v2\/media?parent=1338"}],"curies":[{"name":"wp","href":"https:\/\/api.w.org\/{rel}","templated":true}]}}