{"id":1347,"date":"2025-05-15T15:36:53","date_gmt":"2025-05-15T13:36:53","guid":{"rendered":"https:\/\/www.ewalstrucking.cz\/?page_id=1347"},"modified":"2025-10-01T15:34:06","modified_gmt":"2025-10-01T13:34:06","slug":"main","status":"publish","type":"page","link":"https:\/\/www.ewalstrucking.cz\/en\/","title":{"rendered":"Home"},"content":{"rendered":"<div class=\"banner has-hover bg-zoom bg-glow\" id=\"banner-1283088298\">\n          <div class=\"banner-inner fill\">\n        <div class=\"banner-bg fill\" >\n            <img loading=\"lazy\" decoding=\"async\" width=\"1200\" height=\"392\" src=\"https:\/\/www.ewalstrucking.cz\/wp-content\/uploads\/2020\/11\/banner.jpg\" class=\"bg attachment-original size-original\" alt=\"\" \/>                        <div class=\"overlay\"><\/div>            \n                    <\/div>\n\t\t\n        <div class=\"banner-layers container\">\n            <div class=\"fill banner-link\"><\/div>            \n   <div id=\"text-box-1695676725\" class=\"text-box banner-layer hidden x50 md-x50 lg-x50 y20 md-y20 lg-y20 res-text\">\n                     <div data-animate=\"none\">           <div class=\"text-box-content text \">\n              \n              <div class=\"text-inner text-center\">\n                  \n\n\t<div class=\"img has-hover hidden x md-x lg-x y md-y lg-y\" id=\"image_752648799\">\n\t\t\t\t\t\t\t\t<div class=\"img-inner image-cover dark\" style=\"padding-top:30%;\">\n\t\t\t<img loading=\"lazy\" decoding=\"async\" width=\"800\" height=\"600\" src=\"https:\/\/www.ewalstrucking.cz\/wp-content\/uploads\/2020\/10\/trucking.png\" class=\"attachment-large size-large\" alt=\"\" srcset=\"https:\/\/www.ewalstrucking.cz\/wp-content\/uploads\/2020\/10\/trucking.png 800w, https:\/\/www.ewalstrucking.cz\/wp-content\/uploads\/2020\/10\/trucking-600x450.png 600w, https:\/\/www.ewalstrucking.cz\/wp-content\/uploads\/2020\/10\/trucking-533x400.png 533w, https:\/\/www.ewalstrucking.cz\/wp-content\/uploads\/2020\/10\/trucking-768x576.png 768w\" sizes=\"auto, (max-width: 800px) 100vw, 800px\" \/>\t\t\t\t\t\t\n\t\t\t\t\t<\/div>\n\t\t\t\t\t\t\t\t\n<style>\n#image_752648799 {\n  width: 81%;\n}\n<\/style>\n\t<\/div>\n\t\n<p>pron\u00e1jem taha\u010d\u016f a n\u00e1v\u011bs\u016f pro vnitrost\u00e1tn\u00ed a mezin\u00e1rodn\u00ed p\u0159epravu, prodej ojet\u00fdch taha\u010d\u016f a n\u00e1v\u011bs\u016f a prodej n\u00e1kladn\u00edch pneumatik<\/p>\n\t<div id=\"gap-1718354808\" class=\"gap-element clearfix\" style=\"display:block; height:auto;\">\n\t\t\n<style>\n#gap-1718354808 {\n  padding-top: 30px;\n}\n<\/style>\n\t<\/div>\n\t\n<div class=\"searchform-wrapper ux-search-box relative hidden is-large\"><form method=\"get\" class=\"searchform\" action=\"https:\/\/www.ewalstrucking.cz\/en\/\" role=\"search\">\n\t\t<div class=\"flex-row relative\">\n\t\t\t<div class=\"flex-col flex-grow\">\n\t   \t   <input type=\"search\" class=\"search-field mb-0\" name=\"s\" value=\"\" id=\"s\" placeholder=\"Search&hellip;\" \/>\n\t\t\t<\/div>\n\t\t\t<div class=\"flex-col\">\n\t\t\t\t<button type=\"submit\" class=\"ux-search-submit submit-button secondary button icon mb-0\" aria-label=\"Submit\">\n\t\t\t\t\t<i class=\"icon-search\" ><\/i>\t\t\t\t<\/button>\n\t\t\t<\/div>\n\t\t<\/div>\n    <div class=\"live-search-results text-left z-top\"><\/div>\n<\/form>\n<\/div>\n              <\/div>\n           <\/div>\n       <\/div>                     \n<style>\n#text-box-1695676725 {\n  margin: 0 0px 0px 0px;\n  width: 85%;\n}\n#text-box-1695676725 .text-box-content {\n  background-color: rgba(255, 255, 255, 0.69);\n  border-radius: 9px;\n  font-size: 100%;\n}\n#text-box-1695676725 .text-inner {\n  padding: 15px 20px 20px 20px;\n}\n@media (min-width:550px) {\n  #text-box-1695676725 {\n    width: 75%;\n  }\n}\n<\/style>\n    <\/div>\n \n        <\/div>\n      <\/div>\n\n              <div class=\"height-fix is-invisible\"><img loading=\"lazy\" decoding=\"async\" width=\"1200\" height=\"392\" src=\"https:\/\/www.ewalstrucking.cz\/wp-content\/uploads\/2020\/11\/banner.jpg\" class=\"attachment-original size-original\" alt=\"\" srcset=\"https:\/\/www.ewalstrucking.cz\/wp-content\/uploads\/2020\/11\/banner.jpg 1200w, https:\/\/www.ewalstrucking.cz\/wp-content\/uploads\/2020\/11\/banner-800x261.jpg 800w, https:\/\/www.ewalstrucking.cz\/wp-content\/uploads\/2020\/11\/banner-768x251.jpg 768w, https:\/\/www.ewalstrucking.cz\/wp-content\/uploads\/2020\/11\/banner-600x196.jpg 600w\" sizes=\"auto, (max-width: 1200px) 100vw, 1200px\" \/><\/div>\n            \n<style>\n#banner-1283088298 .overlay {\n  background-color: rgba(0, 0, 0, 0.09);\n}\n#banner-1283088298 .banner-bg img {\n  object-position: 36% 54%;\n}\n<\/style>\n  <\/div>\n\n\n\n\t<section class=\"section\" id=\"section_30600715\">\n\t\t<div class=\"section-bg fill\" >\n\t\t\t\t\t\t\t\t\t\n\t\t\t\n\n\t\t<\/div>\n\n\t\t\n\n\t\t<div class=\"section-content relative\">\n\t\t\t\n<div class=\"container section-title-container\" ><h2 class=\"section-title section-title-center\"><b><\/b><span class=\"section-title-main\" style=\"font-size:140%;color:rgb(0, 102, 204);\">Ewals Cargo Care Trucking spol. s r.o.<\/span><b><\/b><\/h2><\/div>\n<div class=\"row\"  id=\"row-578703733\">\n\n\t<div id=\"col-37518247\" class=\"col small-12 large-12\"  >\n\t\t\t\t<div class=\"col-inner\"  >\n\t\t\t\n\t\t\t\n<p><strong>Ewals Cargo Care Trucking spol. s r.o<\/strong>. is a sub company of <strong>EWALS CARGO CARE spol. s r.o.<\/strong>, which focuses on international transport. EWALS CARGO CARE spol. s r.o. provides <strong>transport with our own fleet of modern trucks and semi-trailers<\/strong>. We have a team of experienced and reliable drivers whose professionalism together with modern fleet of vehicles allow us to guarantee high quality and reliability of our services.<\/p>\n<div class=\"row\"  id=\"row-1125703679\">\n\n\t<div id=\"col-1701752409\" class=\"col medium-2 small-12 large-2\"  >\n\t\t\t\t<div class=\"col-inner\"  >\n\t\t\t\n\t\t\t\n\t\t<\/div>\n\t\t\t\t\t<\/div>\n\n\t\n\n\t<div id=\"col-1658467061\" class=\"col medium-8 small-12 large-8\"  >\n\t\t\t\t<div class=\"col-inner\"  >\n\t\t\t\n\t\t\t\n<div class=\"container section-title-container\" ><h3 class=\"section-title section-title-center\"><b><\/b><span class=\"section-title-main\" style=\"font-size:140%;color:rgb(0, 102, 204);\">Job OPPORTUNITIES<\/span><b><\/b><\/h3><\/div>\n<p style=\"text-align: center;\">Job opportunities in transportation with the security and background of a strong international company.<\/p>\n\t<div class=\"img has-hover x md-x lg-x y md-y lg-y\" id=\"image_866896984\">\n\t\t<a class=\"\" href=\"https:\/\/www.ewalstrucking.cz\/kariera\/\" target=\"_blank\" rel=\"noopener\" >\t\t\t\t\t\t<div class=\"img-inner image-zoom image-glow dark\" >\n\t\t\t<img loading=\"lazy\" decoding=\"async\" width=\"1020\" height=\"680\" src=\"https:\/\/www.ewalstrucking.cz\/wp-content\/uploads\/2024\/04\/job.jpg\" class=\"attachment-large size-large\" alt=\"\" srcset=\"https:\/\/www.ewalstrucking.cz\/wp-content\/uploads\/2024\/04\/job.jpg 1100w, https:\/\/www.ewalstrucking.cz\/wp-content\/uploads\/2024\/04\/job-600x400.jpg 600w, https:\/\/www.ewalstrucking.cz\/wp-content\/uploads\/2024\/04\/job-768x512.jpg 768w\" sizes=\"auto, (max-width: 1020px) 100vw, 1020px\" \/>\t\t\t\t\t\t\n\t\t\t\t\t<\/div>\n\t\t\t\t\t\t<\/a>\t\t\n<style>\n#image_866896984 {\n  width: 100%;\n}\n<\/style>\n\t<\/div>\n\t\n\t\t<\/div>\n\t\t\t\t\t<\/div>\n\n\t\n\n\t<div id=\"col-709441682\" class=\"col medium-2 small-12 large-2\"  >\n\t\t\t\t<div class=\"col-inner\"  >\n\t\t\t\n\t\t\t\n\t\t<\/div>\n\t\t\t\t\t<\/div>\n\n\t\n<\/div>\n\t\t<\/div>\n\t\t\t\t\t<\/div>\n\n\t\n<\/div>\n\t\t<\/div>\n\n\t\t\n<style>\n#section_30600715 {\n  padding-top: 30px;\n  padding-bottom: 30px;\n}\n<\/style>\n\t<\/section>\n\t\n\n\n\n<a href=\"https:\/\/www.ewalstrucking.cz\/en\/formular\/\" class=\"button primary lowercase button-en-form show-for-small\"  style=\"border-radius:99px;\">\n\t\t<span>I am interested in the job<\/span>\n\t<\/a>","protected":false},"excerpt":{"rendered":"","protected":false},"author":4,"featured_media":10,"parent":0,"menu_order":4,"comment_status":"closed","ping_status":"closed","template":"page-blank.php","meta":{"footnotes":""},"class_list":["post-1347","page","type-page","status-publish","has-post-thumbnail","hentry"],"_links":{"self":[{"href":"https:\/\/www.ewalstrucking.cz\/en\/wp-json\/wp\/v2\/pages\/1347","targetHints":{"allow":["GET"]}}],"collection":[{"href":"https:\/\/www.ewalstrucking.cz\/en\/wp-json\/wp\/v2\/pages"}],"about":[{"href":"https:\/\/www.ewalstrucking.cz\/en\/wp-json\/wp\/v2\/types\/page"}],"author":[{"embeddable":true,"href":"https:\/\/www.ewalstrucking.cz\/en\/wp-json\/wp\/v2\/users\/4"}],"replies":[{"embeddable":true,"href":"https:\/\/www.ewalstrucking.cz\/en\/wp-json\/wp\/v2\/comments?post=1347"}],"version-history":[{"count":39,"href":"https:\/\/www.ewalstrucking.cz\/en\/wp-json\/wp\/v2\/pages\/1347\/revisions"}],"predecessor-version":[{"id":1595,"href":"https:\/\/www.ewalstrucking.cz\/en\/wp-json\/wp\/v2\/pages\/1347\/revisions\/1595"}],"wp:featuredmedia":[{"embeddable":true,"href":"https:\/\/www.ewalstrucking.cz\/en\/wp-json\/wp\/v2\/media\/10"}],"wp:attachment":[{"href":"https:\/\/www.ewalstrucking.cz\/en\/wp-json\/wp\/v2\/media?parent=1347"}],"curies":[{"name":"wp","href":"https:\/\/api.w.org\/{rel}","templated":true}]}}