{"id":1362,"date":"2025-05-16T14:26:36","date_gmt":"2025-05-16T12:26:36","guid":{"rendered":"https:\/\/www.ewalstrucking.cz\/?page_id=1362"},"modified":"2025-06-04T14:15:37","modified_gmt":"2025-06-04T12:15:37","slug":"formular","status":"publish","type":"page","link":"https:\/\/www.ewalstrucking.cz\/en\/formular\/","title":{"rendered":"Career"},"content":{"rendered":"<div class=\"banner has-hover bg-zoom bg-glow\" id=\"banner-663693434\">\n          <div class=\"banner-inner fill\">\n        <div class=\"banner-bg fill\" >\n            <img loading=\"lazy\" decoding=\"async\" width=\"1200\" height=\"400\" src=\"https:\/\/www.ewalstrucking.cz\/wp-content\/uploads\/2024\/04\/uvodka9.jpg\" class=\"bg attachment-original size-original\" alt=\"\" \/>                        <div class=\"overlay\"><\/div>            \n                    <\/div>\n\t\t\n        <div class=\"banner-layers container\">\n            <div class=\"fill banner-link\"><\/div>            \n   <div id=\"text-box-678216702\" class=\"text-box banner-layer hidden x50 md-x50 lg-x50 y20 md-y20 lg-y20 res-text\">\n                     <div data-animate=\"none\">           <div class=\"text-box-content text \">\n              \n              <div class=\"text-inner text-center\">\n                  \n\n\t<div class=\"img has-hover hidden x md-x lg-x y md-y lg-y\" id=\"image_230285055\">\n\t\t\t\t\t\t\t\t<div class=\"img-inner image-cover dark\" style=\"padding-top:30%;\">\n\t\t\t<img loading=\"lazy\" decoding=\"async\" width=\"800\" height=\"600\" src=\"https:\/\/www.ewalstrucking.cz\/wp-content\/uploads\/2020\/10\/trucking.png\" class=\"attachment-large size-large\" alt=\"\" srcset=\"https:\/\/www.ewalstrucking.cz\/wp-content\/uploads\/2020\/10\/trucking.png 800w, https:\/\/www.ewalstrucking.cz\/wp-content\/uploads\/2020\/10\/trucking-600x450.png 600w, https:\/\/www.ewalstrucking.cz\/wp-content\/uploads\/2020\/10\/trucking-533x400.png 533w, https:\/\/www.ewalstrucking.cz\/wp-content\/uploads\/2020\/10\/trucking-768x576.png 768w\" sizes=\"auto, (max-width: 800px) 100vw, 800px\" \/>\t\t\t\t\t\t\n\t\t\t\t\t<\/div>\n\t\t\t\t\t\t\t\t\n<style>\n#image_230285055 {\n  width: 81%;\n}\n<\/style>\n\t<\/div>\n\t\n<p>pron\u00e1jem taha\u010d\u016f a n\u00e1v\u011bs\u016f pro vnitrost\u00e1tn\u00ed a mezin\u00e1rodn\u00ed p\u0159epravu, prodej ojet\u00fdch taha\u010d\u016f a n\u00e1v\u011bs\u016f a prodej n\u00e1kladn\u00edch pneumatik<\/p>\n\t<div id=\"gap-2041641572\" class=\"gap-element clearfix\" style=\"display:block; height:auto;\">\n\t\t\n<style>\n#gap-2041641572 {\n  padding-top: 30px;\n}\n<\/style>\n\t<\/div>\n\t\n<div class=\"searchform-wrapper ux-search-box relative hidden is-large\"><form method=\"get\" class=\"searchform\" action=\"https:\/\/www.ewalstrucking.cz\/en\/\" role=\"search\">\n\t\t<div class=\"flex-row relative\">\n\t\t\t<div class=\"flex-col flex-grow\">\n\t   \t   <input type=\"search\" class=\"search-field mb-0\" name=\"s\" value=\"\" id=\"s\" placeholder=\"Search&hellip;\" \/>\n\t\t\t<\/div>\n\t\t\t<div class=\"flex-col\">\n\t\t\t\t<button type=\"submit\" class=\"ux-search-submit submit-button secondary button icon mb-0\" aria-label=\"Submit\">\n\t\t\t\t\t<i class=\"icon-search\" ><\/i>\t\t\t\t<\/button>\n\t\t\t<\/div>\n\t\t<\/div>\n    <div class=\"live-search-results text-left z-top\"><\/div>\n<\/form>\n<\/div>\n              <\/div>\n           <\/div>\n       <\/div>                     \n<style>\n#text-box-678216702 {\n  margin: 0 0px 0px 0px;\n  width: 85%;\n}\n#text-box-678216702 .text-box-content {\n  background-color: rgba(255, 255, 255, 0.69);\n  border-radius: 9px;\n  font-size: 100%;\n}\n#text-box-678216702 .text-inner {\n  padding: 15px 20px 20px 20px;\n}\n@media (min-width:550px) {\n  #text-box-678216702 {\n    width: 75%;\n  }\n}\n<\/style>\n    <\/div>\n \n        <\/div>\n      <\/div>\n\n              <div class=\"height-fix is-invisible\"><img loading=\"lazy\" decoding=\"async\" width=\"1200\" height=\"400\" src=\"https:\/\/www.ewalstrucking.cz\/wp-content\/uploads\/2024\/04\/uvodka9.jpg\" class=\"attachment-original size-original\" alt=\"\" srcset=\"https:\/\/www.ewalstrucking.cz\/wp-content\/uploads\/2024\/04\/uvodka9.jpg 1200w, https:\/\/www.ewalstrucking.cz\/wp-content\/uploads\/2024\/04\/uvodka9-800x267.jpg 800w, https:\/\/www.ewalstrucking.cz\/wp-content\/uploads\/2024\/04\/uvodka9-768x256.jpg 768w, https:\/\/www.ewalstrucking.cz\/wp-content\/uploads\/2024\/04\/uvodka9-600x200.jpg 600w\" sizes=\"auto, (max-width: 1200px) 100vw, 1200px\" \/><\/div>\n            \n<style>\n#banner-663693434 .overlay {\n  background-color: rgba(0, 0, 0, 0.09);\n}\n#banner-663693434 .banner-bg img {\n  object-position: 36% 54%;\n}\n<\/style>\n  <\/div>\n\n\n\n\t<section class=\"section\" id=\"section_20899733\">\n\t\t<div class=\"section-bg fill\" >\n\t\t\t\t\t\t\t\t\t\n\t\t\t\n\n\t\t<\/div>\n\n\t\t\n\n\t\t<div class=\"section-content relative\">\n\t\t\t\n<div class=\"container section-title-container\" ><h2 class=\"section-title section-title-center\"><b><\/b><span class=\"section-title-main\" style=\"color:rgb(0, 102, 204);\">Contact Form<\/span><b><\/b><\/h2><\/div>\n<div class=\"row\"  id=\"row-1954477836\">\n\n\t<div id=\"col-539662626\" class=\"col small-12 large-12\"  >\n\t\t\t\t<div class=\"col-inner\"  >\n\t\t\t\n\t\t\t\n<style id=\"wpforms-css-vars-1439\">\n\t\t\t\t#wpforms-1439 {\n\t\t\t\t--wpforms-container-padding: 0px;\n--wpforms-container-border-width: 1px;\n--wpforms-container-border-radius: 3px;\n--wpforms-background-color: rgba(0, 0, 0, 0);\n--wpforms-field-size-input-height: 43px;\n--wpforms-field-size-input-spacing: 15px;\n--wpforms-field-size-font-size: 16px;\n--wpforms-field-size-line-height: 19px;\n--wpforms-field-size-padding-h: 14px;\n--wpforms-field-size-checkbox-size: 16px;\n--wpforms-field-size-sublabel-spacing: 5px;\n--wpforms-field-size-icon-size: 1;\n--wpforms-label-size-font-size: 16px;\n--wpforms-label-size-line-height: 19px;\n--wpforms-label-size-sublabel-font-size: 14px;\n--wpforms-label-size-sublabel-line-height: 17px;\n--wpforms-button-size-font-size: 17px;\n--wpforms-button-size-height: 41px;\n--wpforms-button-size-padding-h: 15px;\n--wpforms-button-size-margin-top: 10px;\n--wpforms-container-shadow-size-box-shadow: none;\n\t\t\t}\n\t\t\t<\/style><div class=\"wpforms-container wpforms-container-full wpf-center wpforms-render-modern\" id=\"wpforms-1439\"><form id=\"wpforms-form-1439\" class=\"wpforms-validate wpforms-form wpforms-ajax-form\" data-formid=\"1439\" method=\"post\" enctype=\"multipart\/form-data\" action=\"\/en\/wp-json\/wp\/v2\/pages\/1362\" data-token=\"932df69661586a1c442cd5cd5be55166\" data-token-time=\"1778682112\"><noscript class=\"wpforms-error-noscript\">Please enable JavaScript in your browser to complete this form.<\/noscript><div id=\"wpforms-error-noscript\" style=\"display: none;\">Please enable JavaScript in your browser to complete this form.<\/div><div class=\"wpforms-field-container\"><div id=\"wpforms-1439-field_6-container\" class=\"wpforms-field wpforms-field-radio wpforms-one-half wpforms-first\" data-field-id=\"6\"><fieldset><legend class=\"wpforms-field-label\">Gender <span class=\"wpforms-required-label\" aria-hidden=\"true\">*<\/span><\/legend><ul id=\"wpforms-1439-field_6\" class=\"wpforms-field-required\"><li class=\"choice-1 depth-1\"><input type=\"radio\" id=\"wpforms-1439-field_6_1\" name=\"wpforms[fields][6]\" value=\"Male\" aria-errormessage=\"wpforms-1439-field_6_1-error\" required ><label class=\"wpforms-field-label-inline\" for=\"wpforms-1439-field_6_1\">Male<\/label><\/li><li class=\"choice-2 depth-1\"><input type=\"radio\" id=\"wpforms-1439-field_6_2\" name=\"wpforms[fields][6]\" value=\"Female\" aria-errormessage=\"wpforms-1439-field_6_2-error\" required ><label class=\"wpforms-field-label-inline\" for=\"wpforms-1439-field_6_2\">Female<\/label><\/li><\/ul><\/fieldset><\/div><div id=\"wpforms-1439-field_7-container\" class=\"wpforms-field wpforms-field-radio wpforms-one-half\" data-field-id=\"7\"><fieldset><legend class=\"wpforms-field-label\">Age <span class=\"wpforms-required-label\" aria-hidden=\"true\">*<\/span><\/legend><ul id=\"wpforms-1439-field_7\" class=\"wpforms-field-required\"><li class=\"choice-1 depth-1\"><input type=\"radio\" id=\"wpforms-1439-field_7_1\" name=\"wpforms[fields][7]\" value=\"Up to 35\" aria-errormessage=\"wpforms-1439-field_7_1-error\" required ><label class=\"wpforms-field-label-inline\" for=\"wpforms-1439-field_7_1\">Up to 35<\/label><\/li><li class=\"choice-2 depth-1\"><input type=\"radio\" id=\"wpforms-1439-field_7_2\" name=\"wpforms[fields][7]\" value=\"36 - 55\" aria-errormessage=\"wpforms-1439-field_7_2-error\" required ><label class=\"wpforms-field-label-inline\" for=\"wpforms-1439-field_7_2\">36 - 55<\/label><\/li><li class=\"choice-3 depth-1\"><input type=\"radio\" id=\"wpforms-1439-field_7_3\" name=\"wpforms[fields][7]\" value=\"Over 55\" aria-errormessage=\"wpforms-1439-field_7_3-error\" required ><label class=\"wpforms-field-label-inline\" for=\"wpforms-1439-field_7_3\">Over 55<\/label><\/li><\/ul><\/fieldset><\/div><div id=\"wpforms-1439-field_8-container\" class=\"wpforms-field wpforms-field-radio wpforms-one-half wpforms-first\" data-field-id=\"8\"><fieldset><legend class=\"wpforms-field-label\">CE driving licence <span class=\"wpforms-required-label\" aria-hidden=\"true\">*<\/span><\/legend><ul id=\"wpforms-1439-field_8\" class=\"wpforms-field-required\"><li class=\"choice-1 depth-1\"><input type=\"radio\" id=\"wpforms-1439-field_8_1\" name=\"wpforms[fields][8]\" value=\"YES\" aria-errormessage=\"wpforms-1439-field_8_1-error\" required ><label class=\"wpforms-field-label-inline\" for=\"wpforms-1439-field_8_1\">YES<\/label><\/li><li class=\"choice-2 depth-1\"><input type=\"radio\" id=\"wpforms-1439-field_8_2\" name=\"wpforms[fields][8]\" value=\"NO\" aria-errormessage=\"wpforms-1439-field_8_2-error\" required ><label class=\"wpforms-field-label-inline\" for=\"wpforms-1439-field_8_2\">NO<\/label><\/li><\/ul><\/fieldset><\/div><div id=\"wpforms-1439-field_9-container\" class=\"wpforms-field wpforms-field-radio wpforms-one-half\" data-field-id=\"9\"><fieldset><legend class=\"wpforms-field-label\">Professional licence <span class=\"wpforms-required-label\" aria-hidden=\"true\">*<\/span><\/legend><ul id=\"wpforms-1439-field_9\" class=\"wpforms-field-required\"><li class=\"choice-1 depth-1\"><input type=\"radio\" id=\"wpforms-1439-field_9_1\" name=\"wpforms[fields][9]\" value=\"YES\" aria-errormessage=\"wpforms-1439-field_9_1-error\" required ><label class=\"wpforms-field-label-inline\" for=\"wpforms-1439-field_9_1\">YES<\/label><\/li><li class=\"choice-2 depth-1\"><input type=\"radio\" id=\"wpforms-1439-field_9_2\" name=\"wpforms[fields][9]\" value=\"NO\" aria-errormessage=\"wpforms-1439-field_9_2-error\" required ><label class=\"wpforms-field-label-inline\" for=\"wpforms-1439-field_9_2\">NO<\/label><\/li><\/ul><\/fieldset><\/div><div id=\"wpforms-1439-field_10-container\" class=\"wpforms-field wpforms-field-radio wpforms-one-half wpforms-first\" data-field-id=\"10\"><fieldset><legend class=\"wpforms-field-label\">Psychological tests <span class=\"wpforms-required-label\" aria-hidden=\"true\">*<\/span><\/legend><ul id=\"wpforms-1439-field_10\" class=\"wpforms-field-required\"><li class=\"choice-1 depth-1\"><input type=\"radio\" id=\"wpforms-1439-field_10_1\" name=\"wpforms[fields][10]\" value=\"YES\" aria-errormessage=\"wpforms-1439-field_10_1-error\" required ><label class=\"wpforms-field-label-inline\" for=\"wpforms-1439-field_10_1\">YES<\/label><\/li><li class=\"choice-2 depth-1\"><input type=\"radio\" id=\"wpforms-1439-field_10_2\" name=\"wpforms[fields][10]\" value=\"NO\" aria-errormessage=\"wpforms-1439-field_10_2-error\" required ><label class=\"wpforms-field-label-inline\" for=\"wpforms-1439-field_10_2\">NO<\/label><\/li><\/ul><\/fieldset><\/div><div id=\"wpforms-1439-field_11-container\" class=\"wpforms-field wpforms-field-radio wpforms-one-half\" data-field-id=\"11\"><fieldset><legend class=\"wpforms-field-label\">Criminal record <span class=\"wpforms-required-label\" aria-hidden=\"true\">*<\/span><\/legend><ul id=\"wpforms-1439-field_11\" class=\"wpforms-field-required\"><li class=\"choice-1 depth-1\"><input type=\"radio\" id=\"wpforms-1439-field_11_1\" name=\"wpforms[fields][11]\" value=\"YES\" aria-errormessage=\"wpforms-1439-field_11_1-error\" required ><label class=\"wpforms-field-label-inline\" for=\"wpforms-1439-field_11_1\">YES<\/label><\/li><li class=\"choice-2 depth-1\"><input type=\"radio\" id=\"wpforms-1439-field_11_2\" name=\"wpforms[fields][11]\" value=\"NO\" aria-errormessage=\"wpforms-1439-field_11_2-error\" required ><label class=\"wpforms-field-label-inline\" for=\"wpforms-1439-field_11_2\">NO<\/label><\/li><\/ul><\/fieldset><\/div><div id=\"wpforms-1439-field_12-container\" class=\"wpforms-field wpforms-field-radio wpforms-one-half wpforms-first\" data-field-id=\"12\"><fieldset><legend class=\"wpforms-field-label\">Driving ban in an EU country                     <span class=\"wpforms-required-label\" aria-hidden=\"true\">*<\/span><\/legend><ul id=\"wpforms-1439-field_12\" class=\"wpforms-field-required\"><li class=\"choice-1 depth-1\"><input type=\"radio\" id=\"wpforms-1439-field_12_1\" name=\"wpforms[fields][12]\" value=\"YES\" aria-errormessage=\"wpforms-1439-field_12_1-error\" required ><label class=\"wpforms-field-label-inline\" for=\"wpforms-1439-field_12_1\">YES<\/label><\/li><li class=\"choice-2 depth-1\"><input type=\"radio\" id=\"wpforms-1439-field_12_2\" name=\"wpforms[fields][12]\" value=\"NO\" aria-errormessage=\"wpforms-1439-field_12_2-error\" required ><label class=\"wpforms-field-label-inline\" for=\"wpforms-1439-field_12_2\">NO<\/label><\/li><\/ul><\/fieldset><\/div><div id=\"wpforms-1439-field_13-container\" class=\"wpforms-field wpforms-field-radio wpforms-one-half\" data-field-id=\"13\"><fieldset><legend class=\"wpforms-field-label\">Any driver`s penalty points <span class=\"wpforms-required-label\" aria-hidden=\"true\">*<\/span><\/legend><ul id=\"wpforms-1439-field_13\" class=\"wpforms-field-required\"><li class=\"choice-1 depth-1\"><input type=\"radio\" id=\"wpforms-1439-field_13_1\" name=\"wpforms[fields][13]\" value=\"YES\" aria-errormessage=\"wpforms-1439-field_13_1-error\" required ><label class=\"wpforms-field-label-inline\" for=\"wpforms-1439-field_13_1\">YES<\/label><\/li><li class=\"choice-2 depth-1\"><input type=\"radio\" id=\"wpforms-1439-field_13_2\" name=\"wpforms[fields][13]\" value=\"NO\" aria-errormessage=\"wpforms-1439-field_13_2-error\" required ><label class=\"wpforms-field-label-inline\" for=\"wpforms-1439-field_13_2\">NO<\/label><\/li><\/ul><\/fieldset><\/div><div id=\"wpforms-1439-field_14-container\" class=\"wpforms-field wpforms-field-radio wpforms-one-half wpforms-first\" data-field-id=\"14\"><fieldset><legend class=\"wpforms-field-label\">Trailer driving experience <span class=\"wpforms-required-label\" aria-hidden=\"true\">*<\/span><\/legend><ul id=\"wpforms-1439-field_14\" class=\"wpforms-field-required\"><li class=\"choice-1 depth-1\"><input type=\"radio\" id=\"wpforms-1439-field_14_1\" name=\"wpforms[fields][14]\" value=\"Less than 1 year\" aria-errormessage=\"wpforms-1439-field_14_1-error\" required ><label class=\"wpforms-field-label-inline\" for=\"wpforms-1439-field_14_1\">Less than 1 year<\/label><\/li><li class=\"choice-2 depth-1\"><input type=\"radio\" id=\"wpforms-1439-field_14_2\" name=\"wpforms[fields][14]\" value=\"1 - 2 years\" aria-errormessage=\"wpforms-1439-field_14_2-error\" required ><label class=\"wpforms-field-label-inline\" for=\"wpforms-1439-field_14_2\">1 - 2 years<\/label><\/li><li class=\"choice-3 depth-1\"><input type=\"radio\" id=\"wpforms-1439-field_14_3\" name=\"wpforms[fields][14]\" value=\"More than 2 years\" aria-errormessage=\"wpforms-1439-field_14_3-error\" required ><label class=\"wpforms-field-label-inline\" for=\"wpforms-1439-field_14_3\">More than 2 years<\/label><\/li><\/ul><\/fieldset><\/div><div id=\"wpforms-1439-field_15-container\" class=\"wpforms-field wpforms-field-radio wpforms-one-half\" data-field-id=\"15\"><fieldset><legend class=\"wpforms-field-label\">Any medical restrictions <span class=\"wpforms-required-label\" aria-hidden=\"true\">*<\/span><\/legend><ul id=\"wpforms-1439-field_15\" class=\"wpforms-field-required\"><li class=\"choice-1 depth-1\"><input type=\"radio\" id=\"wpforms-1439-field_15_1\" name=\"wpforms[fields][15]\" value=\"YES\" aria-errormessage=\"wpforms-1439-field_15_1-error\" required ><label class=\"wpforms-field-label-inline\" for=\"wpforms-1439-field_15_1\">YES<\/label><\/li><li class=\"choice-2 depth-1\"><input type=\"radio\" id=\"wpforms-1439-field_15_2\" name=\"wpforms[fields][15]\" value=\"NO\" aria-errormessage=\"wpforms-1439-field_15_2-error\" required ><label class=\"wpforms-field-label-inline\" for=\"wpforms-1439-field_15_2\">NO<\/label><\/li><\/ul><\/fieldset><\/div><div id=\"wpforms-1439-field_16-container\" class=\"wpforms-field wpforms-field-radio wpforms-one-half wpforms-first\" data-field-id=\"16\"><fieldset><legend class=\"wpforms-field-label\">Are you willing to move trailers <span class=\"wpforms-required-label\" aria-hidden=\"true\">*<\/span><\/legend><ul id=\"wpforms-1439-field_16\" class=\"wpforms-field-required\"><li class=\"choice-1 depth-1\"><input type=\"radio\" id=\"wpforms-1439-field_16_1\" name=\"wpforms[fields][16]\" value=\"YES\" aria-errormessage=\"wpforms-1439-field_16_1-error\" required ><label class=\"wpforms-field-label-inline\" for=\"wpforms-1439-field_16_1\">YES<\/label><\/li><li class=\"choice-2 depth-1\"><input type=\"radio\" id=\"wpforms-1439-field_16_2\" name=\"wpforms[fields][16]\" value=\"NO\" aria-errormessage=\"wpforms-1439-field_16_2-error\" required ><label class=\"wpforms-field-label-inline\" for=\"wpforms-1439-field_16_2\">NO<\/label><\/li><\/ul><\/fieldset><\/div><div id=\"wpforms-1439-field_17-container\" class=\"wpforms-field wpforms-field-radio wpforms-one-half\" data-field-id=\"17\"><fieldset><legend class=\"wpforms-field-label\">Are you willing to drive weekend out \/ weekend home <span class=\"wpforms-required-label\" aria-hidden=\"true\">*<\/span><\/legend><ul id=\"wpforms-1439-field_17\" class=\"wpforms-field-required\"><li class=\"choice-1 depth-1\"><input type=\"radio\" id=\"wpforms-1439-field_17_1\" name=\"wpforms[fields][17]\" value=\"YES\" aria-errormessage=\"wpforms-1439-field_17_1-error\" required ><label class=\"wpforms-field-label-inline\" for=\"wpforms-1439-field_17_1\">YES<\/label><\/li><li class=\"choice-2 depth-1\"><input type=\"radio\" id=\"wpforms-1439-field_17_2\" name=\"wpforms[fields][17]\" value=\"NO\" aria-errormessage=\"wpforms-1439-field_17_2-error\" required ><label class=\"wpforms-field-label-inline\" for=\"wpforms-1439-field_17_2\">NO<\/label><\/li><\/ul><\/fieldset><\/div><div id=\"wpforms-1439-field_1-container\" class=\"wpforms-field wpforms-field-name\" data-field-id=\"1\"><fieldset><legend class=\"wpforms-field-label\">Name <span class=\"wpforms-required-label\" aria-hidden=\"true\">*<\/span><\/legend><div class=\"wpforms-field-row wpforms-field-medium\"><div class=\"wpforms-field-row-block wpforms-first wpforms-one-half\"><input type=\"text\" id=\"wpforms-1439-field_1\" class=\"wpforms-field-name-first wpforms-field-required\" name=\"wpforms[fields][1][first]\" aria-errormessage=\"wpforms-1439-field_1-error\" required><label for=\"wpforms-1439-field_1\" class=\"wpforms-field-sublabel after wpforms-sublabel-hide\">First<\/label><\/div><div class=\"wpforms-field-row-block wpforms-one-half\"><input type=\"text\" id=\"wpforms-1439-field_1-last\" class=\"wpforms-field-name-last wpforms-field-required\" name=\"wpforms[fields][1][last]\" aria-errormessage=\"wpforms-1439-field_1-last-error\" required><label for=\"wpforms-1439-field_1-last\" class=\"wpforms-field-sublabel after wpforms-sublabel-hide\">Last<\/label><\/div><\/div><\/fieldset><\/div>\t\t<div id=\"wpforms-1439-field_2-container\"\n\t\t\tclass=\"wpforms-field wpforms-field-text\"\n\t\t\tdata-field-type=\"text\"\n\t\t\tdata-field-id=\"2\"\n\t\t\t>\n\t\t\t<label class=\"wpforms-field-label\" for=\"wpforms-1439-field_2\" >out  <\/label>\n\t\t\t<input type=\"text\" id=\"wpforms-1439-field_2\" class=\"wpforms-field-medium\" name=\"wpforms[fields][2]\" >\n\t\t<\/div>\n\t\t<div id=\"wpforms-1439-field_5-container\" class=\"wpforms-field wpforms-field-text\" data-field-id=\"5\"><label class=\"wpforms-field-label\" for=\"wpforms-1439-field_5\">Contact <span class=\"wpforms-required-label\" aria-hidden=\"true\">*<\/span><\/label><input type=\"text\" id=\"wpforms-1439-field_5\" class=\"wpforms-field-medium wpforms-field-required\" name=\"wpforms[fields][5]\" aria-errormessage=\"wpforms-1439-field_5-error\" required><\/div><script>\n\t\t\t\t( function() {\n\t\t\t\t\tconst style = document.createElement( 'style' );\n\t\t\t\t\tstyle.appendChild( document.createTextNode( '#wpforms-1343-field_2-container,#wpforms-1439-field_2-container { position: absolute !important; overflow: hidden !important; display: inline !important; height: 1px !important; width: 1px !important; z-index: -1000 !important; padding: 0 !important; } #wpforms-1343-field_2-container,#wpforms-1439-field_2-container input { visibility: hidden; } #wpforms-conversational-form-page #wpforms-1343-field_2-container,#wpforms-1439-field_2-container label { counter-increment: none; }' ) );\n\t\t\t\t\tdocument.head.appendChild( style );\n\t\t\t\t\tdocument.currentScript?.remove();\n\t\t\t\t} )();\n\t\t\t<\/script><\/div><!-- .wpforms-field-container --><div class=\"wpforms-submit-container\" ><input type=\"hidden\" name=\"wpforms[id]\" value=\"1439\"><input type=\"hidden\" name=\"page_title\" value=\"\"><input type=\"hidden\" name=\"page_url\" value=\"https:\/\/www.ewalstrucking.cz\/en\/wp-json\/wp\/v2\/pages\/1362\"><input type=\"hidden\" name=\"url_referer\" value=\"\"><button type=\"submit\" name=\"wpforms[submit]\" id=\"wpforms-submit-1439\" class=\"wpforms-submit\" data-alt-text=\"Sending...\" data-submit-text=\"Send\" aria-live=\"assertive\" value=\"wpforms-submit\">Send<\/button><img loading=\"lazy\" decoding=\"async\" src=\"https:\/\/www.ewalstrucking.cz\/wp-content\/plugins\/wpforms-lite\/assets\/images\/submit-spin.svg\" class=\"wpforms-submit-spinner\" style=\"display: none;\" width=\"26\" height=\"26\" alt=\"Loading\"><\/div><\/form><\/div>  <!-- .wpforms-container -->\n\t\t<\/div>\n\t\t\t\t\t<\/div>\n\n\t\n<\/div>\n\t\t<\/div>\n\n\t\t\n<style>\n#section_20899733 {\n  padding-top: 30px;\n  padding-bottom: 30px;\n}\n<\/style>\n\t<\/section>\n\t\n\n\n<\/p>","protected":false},"excerpt":{"rendered":"","protected":false},"author":4,"featured_media":10,"parent":0,"menu_order":4,"comment_status":"closed","ping_status":"closed","template":"page-blank.php","meta":{"footnotes":""},"class_list":["post-1362","page","type-page","status-publish","has-post-thumbnail","hentry"],"_links":{"self":[{"href":"https:\/\/www.ewalstrucking.cz\/en\/wp-json\/wp\/v2\/pages\/1362","targetHints":{"allow":["GET"]}}],"collection":[{"href":"https:\/\/www.ewalstrucking.cz\/en\/wp-json\/wp\/v2\/pages"}],"about":[{"href":"https:\/\/www.ewalstrucking.cz\/en\/wp-json\/wp\/v2\/types\/page"}],"author":[{"embeddable":true,"href":"https:\/\/www.ewalstrucking.cz\/en\/wp-json\/wp\/v2\/users\/4"}],"replies":[{"embeddable":true,"href":"https:\/\/www.ewalstrucking.cz\/en\/wp-json\/wp\/v2\/comments?post=1362"}],"version-history":[{"count":7,"href":"https:\/\/www.ewalstrucking.cz\/en\/wp-json\/wp\/v2\/pages\/1362\/revisions"}],"predecessor-version":[{"id":1501,"href":"https:\/\/www.ewalstrucking.cz\/en\/wp-json\/wp\/v2\/pages\/1362\/revisions\/1501"}],"wp:featuredmedia":[{"embeddable":true,"href":"https:\/\/www.ewalstrucking.cz\/en\/wp-json\/wp\/v2\/media\/10"}],"wp:attachment":[{"href":"https:\/\/www.ewalstrucking.cz\/en\/wp-json\/wp\/v2\/media?parent=1362"}],"curies":[{"name":"wp","href":"https:\/\/api.w.org\/{rel}","templated":true}]}}