{"id":341,"date":"2017-08-21T13:41:57","date_gmt":"2017-08-21T11:41:57","guid":{"rendered":"https:\/\/www.ewalstrucking.cz\/?page_id=341"},"modified":"2025-11-25T12:42:42","modified_gmt":"2025-11-25T11:42:42","slug":"kontakty","status":"publish","type":"page","link":"https:\/\/www.ewalstrucking.cz\/en\/kontakty\/","title":{"rendered":"Contacts"},"content":{"rendered":"<div id=\"gap-1077249117\" class=\"gap-element clearfix\" style=\"display:block; height:auto;\">\n\t\t\n<style>\n#gap-1077249117 {\n  padding-top: 30px;\n}\n<\/style>\n\t<\/div>\n\t\n\n\t<section class=\"section\" id=\"section_1670263811\">\n\t\t<div class=\"section-bg fill\" >\n\t\t\t\t\t\t\t\t\t<div class=\"section-bg-overlay absolute fill\"><\/div>\n\t\t\t\n\n\t\t<\/div>\n\n\t\t\n\n\t\t<div class=\"section-content relative\">\n\t\t\t\n<div class=\"row row-collapse row-full-width align-middle\"  id=\"row-480729182\">\n\n\t<div id=\"col-430628717\" class=\"col medium-6 small-12 large-6\"  >\n\t\t\t\t<div class=\"col-inner text-left\"  >\n\t\t\t\n\t\t\t\n<h3>EWALS CARGO CARE Trucking spol. s r.o.<\/h3>\n<p>D\u011b\u010d\u00ednsk\u00e1 1762<br \/>\nCZ &#8211; 470 01 \u010cesk\u00e1 L\u00edpa<\/p>\n<p>e-mail:\u00a0<a href=\"mailto:ecct@cz.ewals.com\">ecct@cz.ewals.com<\/a><\/p>\n<p>I\u010c: 254 83 943<br \/>\nDI\u010c: CZ254 83 943<\/p>\n\t\t<\/div>\n\t\t\t\t\n<style>\n#col-430628717 > .col-inner {\n  padding: 0% 0% 0% 0%;\n  max-width: 520px;\n}\n<\/style>\n\t<\/div>\n\n\t\n\n\t<div id=\"col-1413568536\" class=\"col medium-6 small-12 large-6\"  >\n\t\t\t\t<div class=\"col-inner\"  >\n\t\t\t\n\t\t\t\n\t<div class=\"img has-hover x md-x lg-x y md-y lg-y\" id=\"image_56092651\">\n\t\t\t\t\t\t<div data-animate=\"fadeInRight\">\t\t<div class=\"img-inner dark\" >\n\t\t\t<img loading=\"lazy\" decoding=\"async\" width=\"612\" height=\"306\" src=\"https:\/\/www.ewalstrucking.cz\/wp-content\/uploads\/2017\/09\/mcc-image.jpg\" class=\"attachment-large size-large\" alt=\"\" srcset=\"https:\/\/www.ewalstrucking.cz\/wp-content\/uploads\/2017\/09\/mcc-image.jpg 612w, https:\/\/www.ewalstrucking.cz\/wp-content\/uploads\/2017\/09\/mcc-image-600x300.jpg 600w\" sizes=\"auto, (max-width: 612px) 100vw, 612px\" \/>\t\t\t\t\t\t\n\t\t\t\t\t<\/div>\n\t\t<\/div>\t\t\t\t\t\t\n<style>\n#image_56092651 {\n  width: 100%;\n}\n<\/style>\n\t<\/div>\n\t\n\t\t<\/div>\n\t\t\t\t\t<\/div>\n\n\t\n<\/div>\n\t\t<\/div>\n\n\t\t\n<style>\n#section_1670263811 {\n  padding-top: 0px;\n  padding-bottom: 0px;\n  background-color: rgb(247, 247, 247);\n}\n#section_1670263811 .section-bg-overlay {\n  background-color: rgba(255, 255, 255, 0.85);\n}\n<\/style>\n\t<\/section>\n\t\n\n\t<section class=\"section\" id=\"section_1821059305\">\n\t\t<div class=\"section-bg fill\" >\n\t\t\t\t\t\t\t\t\t<div class=\"section-bg-overlay absolute fill\"><\/div>\n\t\t\t\n\n\t\t<\/div>\n\n\t\t\n\n\t\t<div class=\"section-content relative\">\n\t\t\t\n<div class=\"row\"  id=\"row-1957063131\">\n\n\t<div id=\"col-492632612\" class=\"col medium-4 small-12 large-4\"  >\n\t\t\t\t<div class=\"col-inner\"  >\n\t\t\t\n\t\t\t\n<h3>Michal S\u016fra<\/h3>\n<p><span data-teams=\"true\">Operational Director<\/span><\/p>\n<p>tel.: +420 487 883 308<br \/>mobil: +420 733 787 483<\/p>\n<p>e-mail: <a href=\"mailto:michal.sura@cz.ewals.com\">michal.sura@cz.ewals.com<\/a><\/p>\n\t\t<\/div>\n\t\t\t\t\t<\/div>\n\n\t\n\n\t<div id=\"col-1861708651\" class=\"col medium-4 small-12 large-4\"  >\n\t\t\t\t<div class=\"col-inner\"  >\n\t\t\t\n\t\t\t\n<h3>Helena Jirotkov\u00e1<\/h3>\n<p>Transport technician<\/p>\n<p>tel.: +420 487 883 343<br \/>mobil: +420 736 758 134<\/p>\n<p>e-mail: <a href=\"mailto:helena.jirotkova@cz.ewals.com\">helena.jirotkova@cz.ewals.com<\/a><\/p>\n\t\t<\/div>\n\t\t\t\t\t<\/div>\n\n\t\n\n\t<div id=\"col-317786102\" class=\"col medium-4 small-12 large-4\"  >\n\t\t\t\t<div class=\"col-inner\"  >\n\t\t\t\n\t\t\t\n<h3>Kate\u0159ina Zourkov\u00e1<\/h3>\n<p>HR Officer<\/p>\n<p>tel.: +420 487 883 310<br \/>\nmobil: +420 736 758 133<\/p>\n<p>e-mail: <a href=\"mailto:katerina.zourkova@cz.ewals.com\">katerina.zourkova@cz.ewals.com<\/a><\/p>\n\t\t<\/div>\n\t\t\t\t\t<\/div>\n\n\t\n<\/div>\n\t\t<\/div>\n\n\t\t\n<style>\n#section_1821059305 {\n  padding-top: 24px;\n  padding-bottom: 24px;\n  background-color: rgb(208, 208, 208);\n}\n#section_1821059305 .section-bg-overlay {\n  background-color: rgba(255, 255, 255, 0.85);\n}\n<\/style>\n\t<\/section>\n\t\n\n\t<script type=\"text\/javascript\">\n  jQuery( document ).ready(function() {\n    function initialize() {\n        var styles = {\n            'flatsome':  [{\n            \"featureType\": \"administrative\",\n            \"stylers\": [\n              { \"visibility\": \"on\" }\n            ]\n          },\n          {\n            \"featureType\": \"road\",\n            \"stylers\": [\n              { \"visibility\": \"on\" },\n              { \"hue\": \"#507691\" }\n            ]\n          },\n          {\n            \"stylers\": [\n\t\t\t  { \"visibility\": \"on\" },\n\t\t\t  { \"hue\": \"#507691\" },\n\t\t\t  { \"saturation\": -30 }\n            ]\n          }\n        ]};\n\n        var myLatlng = new google.maps.LatLng(50.68908, 14.5206);\n        var myOptions = {\n            zoom: 17,\n            center: myLatlng,\n            mapTypeId: google.maps.MapTypeId.ROADMAP,\n            disableDefaultUI: true,\n            mapTypeId: 'flatsome',\n            draggable: true,\n            zoomControl: true,\n            zoomControlOptions: {\n              position: google.maps.ControlPosition.TOP_LEFT\n            },\n      \t\t\tmapTypeControl: true,\n            mapTypeControlOptions: {\n              position: google.maps.ControlPosition.TOP_LEFT\n            },\n      \t\t\tstreetViewControl: true,\n            streetViewControlOptions: {\n              position: google.maps.ControlPosition.TOP_LEFT\n            },\n            scrollwheel: false,\n            disableDoubleClickZoom: true\n        }\n        var map = new google.maps.Map(document.getElementById(\"map-1685994720-inner\"), myOptions);\n        var styledMapType = new google.maps.StyledMapType(styles['flatsome'], {name: 'flatsome'});\n        map.mapTypes.set('flatsome', styledMapType);\n\n        var marker = new google.maps.Marker({\n            position: myLatlng,\n            map: map,\n            title:\"\"\n        });\n    }\n\n    \/\/ Required to proceed\n    if (!(typeof google === 'object' && typeof google.maps === 'object')) {\n      return\n    }\n\n    initialize()\n    google.maps.event.addDomListener(window, 'resize', initialize);\n    });\n    <\/script>\n\n    <div class=\"google-map relative mb\" id=\"map-1685994720\">\n        <div class=\"map-height\" id=\"map-1685994720-inner\"><\/div>\n        <div id=\"map_overlay_top\"><\/div>\n        <div id=\"map_overlay_bottom\"><\/div>\n         \n       \n<style>\n#map-1685994720 .map-inner {\n  background-color: #fff;\n  max-width: 100%;\n}\n#map-1685994720 .map-height {\n  height: 400px;\n}\n@media (min-width:550px) {\n  #map-1685994720 .map-inner {\n    max-width: 40%;\n  }\n}\n@media (min-width:850px) {\n  #map-1685994720 .map-inner {\n    max-width: 30%;\n  }\n}\n<\/style>\n    <\/div>","protected":false},"excerpt":{"rendered":"","protected":false},"author":1,"featured_media":0,"parent":0,"menu_order":0,"comment_status":"closed","ping_status":"closed","template":"page-blank.php","meta":{"footnotes":""},"class_list":["post-341","page","type-page","status-publish","hentry"],"_links":{"self":[{"href":"https:\/\/www.ewalstrucking.cz\/en\/wp-json\/wp\/v2\/pages\/341","targetHints":{"allow":["GET"]}}],"collection":[{"href":"https:\/\/www.ewalstrucking.cz\/en\/wp-json\/wp\/v2\/pages"}],"about":[{"href":"https:\/\/www.ewalstrucking.cz\/en\/wp-json\/wp\/v2\/types\/page"}],"author":[{"embeddable":true,"href":"https:\/\/www.ewalstrucking.cz\/en\/wp-json\/wp\/v2\/users\/1"}],"replies":[{"embeddable":true,"href":"https:\/\/www.ewalstrucking.cz\/en\/wp-json\/wp\/v2\/comments?post=341"}],"version-history":[{"count":31,"href":"https:\/\/www.ewalstrucking.cz\/en\/wp-json\/wp\/v2\/pages\/341\/revisions"}],"predecessor-version":[{"id":1608,"href":"https:\/\/www.ewalstrucking.cz\/en\/wp-json\/wp\/v2\/pages\/341\/revisions\/1608"}],"wp:attachment":[{"href":"https:\/\/www.ewalstrucking.cz\/en\/wp-json\/wp\/v2\/media?parent=341"}],"curies":[{"name":"wp","href":"https:\/\/api.w.org\/{rel}","templated":true}]}}